{"id":2152,"date":"2024-11-18T23:10:24","date_gmt":"2024-11-18T22:10:24","guid":{"rendered":"http:\/\/ddcdentalclinic.com\/?page_id=2152"},"modified":"2024-11-19T00:02:24","modified_gmt":"2024-11-18T23:02:24","slug":"emergency-dental-services","status":"publish","type":"page","link":"https:\/\/ddcdentalclinic.com\/es\/emergency-dental-services\/","title":{"rendered":"Urgencias dentales"},"content":{"rendered":"<div data-elementor-type=\"wp-page\" data-elementor-id=\"2152\" class=\"elementor elementor-2152\" data-elementor-post-type=\"page\">\n\t\t\t\t<div class=\"elementor-element elementor-element-48b4fb2 e-flex e-con-boxed e-con e-parent\" data-id=\"48b4fb2\" data-element_type=\"container\" data-e-type=\"container\">\n\t\t\t\t\t<div class=\"e-con-inner\">\n\t\t<div class=\"elementor-element elementor-element-9ce3386 e-con-full e-flex e-con e-child\" data-id=\"9ce3386\" data-element_type=\"container\" data-e-type=\"container\" data-settings=\"{&quot;background_background&quot;:&quot;classic&quot;}\">\n\t\t\t\t<div class=\"elementor-element elementor-element-741c8f4 elementor-widget__width-inherit animated-slow elementor-invisible elementor-widget elementor-widget-heading\" data-id=\"741c8f4\" data-element_type=\"widget\" data-e-type=\"widget\" data-settings=\"{&quot;_animation&quot;:&quot;fadeInUp&quot;,&quot;_animation_delay&quot;:20}\" data-widget_type=\"heading.default\">\n\t\t\t\t<div class=\"elementor-widget-container\">\n\t\t\t\t\t<h1 class=\"elementor-heading-title elementor-size-default\">Urgencias dentales\n<\/h1>\t\t\t\t<\/div>\n\t\t\t\t<\/div>\n\t\t\t\t<\/div>\n\t\t\t\t\t<\/div>\n\t\t\t\t<\/div>\n\t\t<div class=\"elementor-element elementor-element-4b0ecfb e-flex e-con-boxed e-con e-parent\" data-id=\"4b0ecfb\" data-element_type=\"container\" data-e-type=\"container\">\n\t\t\t\t\t<div class=\"e-con-inner\">\n\t\t<div class=\"elementor-element elementor-element-1c4ca9e e-con-full e-flex e-con e-child\" data-id=\"1c4ca9e\" data-element_type=\"container\" data-e-type=\"container\">\n\t\t\t\t<div class=\"elementor-element elementor-element-6650946 elementor-widget__width-inherit animated-slow elementor-invisible elementor-widget elementor-widget-heading\" data-id=\"6650946\" data-element_type=\"widget\" data-e-type=\"widget\" data-settings=\"{&quot;_animation&quot;:&quot;fadeInUp&quot;,&quot;_animation_delay&quot;:20}\" data-widget_type=\"heading.default\">\n\t\t\t\t<div class=\"elementor-widget-container\">\n\t\t\t\t\t<h2 class=\"elementor-heading-title elementor-size-default\">Atenci\u00f3n R\u00e1pida y Confiable para Urgencias Dentales\n\n<\/h2>\t\t\t\t<\/div>\n\t\t\t\t<\/div>\n\t\t\t\t<div class=\"elementor-element elementor-element-df2ba54 elementor-widget__width-inherit animated-slow elementor-invisible elementor-widget elementor-widget-text-editor\" data-id=\"df2ba54\" data-element_type=\"widget\" data-e-type=\"widget\" data-settings=\"{&quot;_animation&quot;:&quot;fadeInUp&quot;,&quot;_animation_delay&quot;:50}\" data-widget_type=\"text-editor.default\">\n\t\t\t\t<div class=\"elementor-widget-container\">\n\t\t\t\t\t\t\t\t\tEn la Cl\u00ednica Dental Dellero en Tetu\u00e1n, entendemos que las emergencias dentales pueden ocurrir en cualquier momento, causando dolor y malestar. Nuestro equipo est\u00e1 preparado para ofrecer atenci\u00f3n dental de emergencia r\u00e1pida y eficiente cuando m\u00e1s lo necesitas. Desde dolores de muelas repentinos y dientes astillados hasta lesiones m\u00e1s graves, brindamos tratamiento inmediato para aliviar el dolor y proteger tu salud bucal. Conf\u00eda en nuestros profesionales experimentados para recibir atenci\u00f3n de calidad en situaciones urgentes. Cont\u00e1ctanos para asistencia inmediata o para programar una cita de emergencia.\t\t\t\t\t\t\t\t<\/div>\n\t\t\t\t<\/div>\n\t\t\t\t<\/div>\n\t\t<div class=\"elementor-element elementor-element-5e68cdc e-con-full e-flex e-con e-child\" data-id=\"5e68cdc\" data-element_type=\"container\" data-e-type=\"container\">\n\t\t\t\t<div class=\"elementor-element elementor-element-8d34739 elementor-widget elementor-widget-image\" data-id=\"8d34739\" data-element_type=\"widget\" data-e-type=\"widget\" data-widget_type=\"image.default\">\n\t\t\t\t<div class=\"elementor-widget-container\">\n\t\t\t\t\t\t\t\t\t\t\t\t\t\t\t<img fetchpriority=\"high\" decoding=\"async\" width=\"500\" height=\"750\" src=\"https:\/\/ddcdentalclinic.com\/wp-content\/uploads\/2024\/11\/Dental-Emergency.jpg\" class=\"attachment-medium_large size-medium_large wp-image-2156\" alt=\"Emergency dental\" srcset=\"https:\/\/ddcdentalclinic.com\/wp-content\/uploads\/2024\/11\/Dental-Emergency.jpg 500w, https:\/\/ddcdentalclinic.com\/wp-content\/uploads\/2024\/11\/Dental-Emergency-200x300.jpg 200w\" sizes=\"(max-width: 500px) 100vw, 500px\" \/>\t\t\t\t\t\t\t\t\t\t\t\t\t\t\t<\/div>\n\t\t\t\t<\/div>\n\t\t\t\t<\/div>\n\t\t\t\t\t<\/div>\n\t\t\t\t<\/div>\n\t\t<div class=\"elementor-element elementor-element-5a2f8e4 e-flex e-con-boxed e-con e-parent\" data-id=\"5a2f8e4\" data-element_type=\"container\" data-e-type=\"container\" data-settings=\"{&quot;background_background&quot;:&quot;classic&quot;}\">\n\t\t\t\t\t<div class=\"e-con-inner\">\n\t\t<div class=\"elementor-element elementor-element-54c8300 e-con-full e-flex e-con e-child\" data-id=\"54c8300\" data-element_type=\"container\" data-e-type=\"container\">\n\t\t\t\t<div class=\"elementor-element elementor-element-2653bd6 elementor-widget__width-auto elementor-invisible elementor-widget elementor-widget-button\" data-id=\"2653bd6\" data-element_type=\"widget\" data-e-type=\"widget\" data-settings=\"{&quot;_animation&quot;:&quot;fadeIn&quot;,&quot;_animation_delay&quot;:600}\" data-widget_type=\"button.default\">\n\t\t\t\t<div class=\"elementor-widget-container\">\n\t\t\t\t\t\t\t\t\t<div class=\"elementor-button-wrapper\">\n\t\t\t\t\t<a class=\"elementor-button elementor-button-link elementor-size-sm elementor-animation-grow\" href=\"https:\/\/wa.me\/+212717271818\" rel=\"nofollow noopener\" target=\"_blank\">\n\t\t\t\t\t\t<span class=\"elementor-button-content-wrapper\">\n\t\t\t\t\t\t\t\t\t<span class=\"elementor-button-text\">Obt\u00e9n Ayuda R\u00e1pida en WhatsApp<\/span>\n\t\t\t\t\t<\/span>\n\t\t\t\t\t<\/a>\n\t\t\t\t<\/div>\n\t\t\t\t\t\t\t\t<\/div>\n\t\t\t\t<\/div>\n\t\t\t\t<div class=\"elementor-element elementor-element-17e1f5c elementor-widget__width-auto elementor-invisible elementor-widget elementor-widget-button\" data-id=\"17e1f5c\" data-element_type=\"widget\" data-e-type=\"widget\" data-settings=\"{&quot;_animation&quot;:&quot;fadeIn&quot;,&quot;_animation_delay&quot;:600}\" data-widget_type=\"button.default\">\n\t\t\t\t<div class=\"elementor-widget-container\">\n\t\t\t\t\t\t\t\t\t<div class=\"elementor-button-wrapper\">\n\t\t\t\t\t<a class=\"elementor-button elementor-button-link elementor-size-sm elementor-animation-grow\" href=\"tel:+212539993725\">\n\t\t\t\t\t\t<span class=\"elementor-button-content-wrapper\">\n\t\t\t\t\t\t<span class=\"elementor-button-icon\">\n\t\t\t\t<i aria-hidden=\"true\" class=\"lnr lnr-phone-handset\"><\/i>\t\t\t<\/span>\n\t\t\t\t\t\t\t\t\t<span class=\"elementor-button-text\">Ll\u00e1manos Ahora<\/span>\n\t\t\t\t\t<\/span>\n\t\t\t\t\t<\/a>\n\t\t\t\t<\/div>\n\t\t\t\t\t\t\t\t<\/div>\n\t\t\t\t<\/div>\n\t\t\t\t<\/div>\n\t\t\t\t\t<\/div>\n\t\t\t\t<\/div>\n\t\t\t\t<\/div>","protected":false},"excerpt":{"rendered":"<p>Emergency Dental Emergency Dental Services in Tetouan \u2013 Quick, Reliable Care At Dellero Dental Clinic in Tetouan, we understand that dental emergencies can happen at any time, causing pain and distress. Our dedicated team is here to provide fast and efficient emergency dental care when you need it most. From sudden toothaches and chipped teeth [&hellip;]<\/p>","protected":false},"author":1,"featured_media":2156,"parent":0,"menu_order":0,"comment_status":"closed","ping_status":"closed","template":"","meta":{"footnotes":""},"class_list":["post-2152","page","type-page","status-publish","has-post-thumbnail","hentry"],"_links":{"self":[{"href":"https:\/\/ddcdentalclinic.com\/es\/wp-json\/wp\/v2\/pages\/2152","targetHints":{"allow":["GET"]}}],"collection":[{"href":"https:\/\/ddcdentalclinic.com\/es\/wp-json\/wp\/v2\/pages"}],"about":[{"href":"https:\/\/ddcdentalclinic.com\/es\/wp-json\/wp\/v2\/types\/page"}],"author":[{"embeddable":true,"href":"https:\/\/ddcdentalclinic.com\/es\/wp-json\/wp\/v2\/users\/1"}],"replies":[{"embeddable":true,"href":"https:\/\/ddcdentalclinic.com\/es\/wp-json\/wp\/v2\/comments?post=2152"}],"version-history":[{"count":7,"href":"https:\/\/ddcdentalclinic.com\/es\/wp-json\/wp\/v2\/pages\/2152\/revisions"}],"predecessor-version":[{"id":2180,"href":"https:\/\/ddcdentalclinic.com\/es\/wp-json\/wp\/v2\/pages\/2152\/revisions\/2180"}],"wp:featuredmedia":[{"embeddable":true,"href":"https:\/\/ddcdentalclinic.com\/es\/wp-json\/wp\/v2\/media\/2156"}],"wp:attachment":[{"href":"https:\/\/ddcdentalclinic.com\/es\/wp-json\/wp\/v2\/media?parent=2152"}],"curies":[{"name":"wp","href":"https:\/\/api.w.org\/{rel}","templated":true}]}}